{"id":987,"date":"2023-03-27T20:29:08","date_gmt":"2023-03-27T20:29:08","guid":{"rendered":"https:\/\/tridenttr.com\/?page_id=987"},"modified":"2024-03-07T12:53:07","modified_gmt":"2024-03-07T12:53:07","slug":"hakkimizda","status":"publish","type":"page","link":"https:\/\/tridenttr.com\/en\/hakkimizda\/","title":{"rendered":"About Us"},"content":{"rendered":"<div data-elementor-type=\"wp-page\" data-elementor-id=\"987\" class=\"elementor elementor-987\" data-elementor-post-type=\"page\">\n\t\t\t\t\t\t<section class=\"elementor-section elementor-top-section elementor-element elementor-element-cf96a8c elementor-section-full_width elementor-section-height-min-height elementor-section-content-middle elementor-section-height-default elementor-section-items-middle\" data-id=\"cf96a8c\" data-element_type=\"section\" data-settings=\"{&quot;background_background&quot;:&quot;classic&quot;}\">\n\t\t\t\t\t\t\t<div class=\"elementor-background-overlay\"><\/div>\n\t\t\t\t\t\t\t<div class=\"elementor-container elementor-column-gap-no\">\n\t\t\t\t\t<div class=\"elementor-column elementor-col-100 elementor-top-column elementor-element elementor-element-0a7f773\" data-id=\"0a7f773\" data-element_type=\"column\">\n\t\t\t<div class=\"elementor-widget-wrap\">\n\t\t\t\t\t\t\t<\/div>\n\t\t<\/div>\n\t\t\t\t\t<\/div>\n\t\t<\/section>\n\t\t\t\t<section class=\"elementor-section elementor-top-section elementor-element elementor-element-4b0c983 animated-slow elementor-section-boxed elementor-section-height-default elementor-section-height-default elementor-invisible\" data-id=\"4b0c983\" data-element_type=\"section\" data-settings=\"{&quot;background_background&quot;:&quot;classic&quot;,&quot;animation&quot;:&quot;fadeInUp&quot;,&quot;animation_delay&quot;:1}\">\n\t\t\t\t\t\t<div class=\"elementor-container elementor-column-gap-default\">\n\t\t\t\t\t<div class=\"elementor-column elementor-col-100 elementor-top-column elementor-element elementor-element-fdeb2cf elementor-invisible\" data-id=\"fdeb2cf\" data-element_type=\"column\" data-settings=\"{&quot;animation&quot;:&quot;fadeInDown&quot;}\">\n\t\t\t<div class=\"elementor-widget-wrap elementor-element-populated\">\n\t\t\t\t\t\t<div class=\"elementor-element elementor-element-994dee0 elementor-widget elementor-widget-heading\" data-id=\"994dee0\" data-element_type=\"widget\" data-settings=\"{&quot;motion_fx_motion_fx_scrolling&quot;:&quot;yes&quot;,&quot;motion_fx_scale_effect&quot;:&quot;yes&quot;,&quot;motion_fx_scale_speed&quot;:{&quot;unit&quot;:&quot;px&quot;,&quot;size&quot;:2,&quot;sizes&quot;:[]},&quot;motion_fx_scale_direction&quot;:&quot;out-in&quot;,&quot;motion_fx_scale_range&quot;:{&quot;unit&quot;:&quot;%&quot;,&quot;size&quot;:&quot;&quot;,&quot;sizes&quot;:{&quot;start&quot;:20,&quot;end&quot;:80}},&quot;motion_fx_devices&quot;:[&quot;desktop&quot;,&quot;tablet&quot;,&quot;mobile&quot;]}\" data-widget_type=\"heading.default\">\n\t\t\t\t<div class=\"elementor-widget-container\">\n\t\t\t<style>\/*! elementor - v3.23.0 - 15-07-2024 *\/\n.elementor-heading-title{padding:0;margin:0;line-height:1}.elementor-widget-heading .elementor-heading-title[class*=elementor-size-]>a{color:inherit;font-size:inherit;line-height:inherit}.elementor-widget-heading .elementor-heading-title.elementor-size-small{font-size:15px}.elementor-widget-heading .elementor-heading-title.elementor-size-medium{font-size:19px}.elementor-widget-heading .elementor-heading-title.elementor-size-large{font-size:29px}.elementor-widget-heading .elementor-heading-title.elementor-size-xl{font-size:39px}.elementor-widget-heading .elementor-heading-title.elementor-size-xxl{font-size:59px}<\/style><h2 class=\"elementor-heading-title elementor-size-default\">HAKKIMIZDA<\/h2>\t\t<\/div>\n\t\t\t\t<\/div>\n\t\t\t\t<div class=\"elementor-element elementor-element-22b5d3f elementor-widget elementor-widget-heading\" data-id=\"22b5d3f\" data-element_type=\"widget\" data-widget_type=\"heading.default\">\n\t\t\t\t<div class=\"elementor-widget-container\">\n\t\t\t<h2 class=\"elementor-heading-title elementor-size-default\">TRIDENT TR, biyolojik yang\u0131n s\u00f6nd\u00fcrme maddesi \u00fcretimi alan\u0131nda uzmanla\u015fm\u0131\u015f bir \u015firkettir. K\u00fcresel \u00e7apta faaliyet g\u00f6steren firmam\u0131z, m\u00fc\u015fterilerine y\u00fcksek kaliteli yang\u0131n g\u00fcvenli\u011fi \u00e7\u00f6z\u00fcmleri sunmay\u0131 hedeflemektedir. Sekt\u00f6rdeki uzun y\u0131llara dayanan deneyimi sayesinde TRIDENT, d\u00fcnya genelinde bir\u00e7ok \u00f6zel ve kamu kurulu\u015fu i\u00e7in yang\u0131n s\u00f6nd\u00fcr\u00fcc\u00fcler ve yang\u0131n ile ilgili \u00fcr\u00fcnler konusunda g\u00fcvenilir bir kaynak olarak kendini kan\u0131tlam\u0131\u015ft\u0131r.<br><br>TRIDENT TR, ev sahiplerinden k\u00fc\u00e7\u00fck i\u015fletme sahiplerine, ticari i\u015fletmelerden kamu kurulu\u015flar\u0131na, sa\u011fl\u0131k tesislerinden end\u00fcstriyel tesislere kadar geni\u015f bir m\u00fc\u015fteri yelpazesine hitap etmektedir. Yang\u0131n g\u00fcvenli\u011finin \u00f6nemini benimseyen bak\u0131\u015f a\u00e7\u0131s\u0131 ile m\u00fc\u015fterilerimizin farkl\u0131 ihtiya\u00e7lar\u0131n\u0131 kar\u015f\u0131lamaya odaklanm\u0131\u015f durumdad\u0131r. Kullan\u0131m\u0131 kolay, etkili, g\u00fcvenilir ve \u00e7evre dostu \u00fcr\u00fcnler ile, yang\u0131n g\u00fcvenli\u011fini art\u0131rmay\u0131 ama\u00e7lamaktad\u0131r. M\u00fc\u015fterilerine en \u00fcst d\u00fczeyde g\u00fcvenlik sa\u011flamak i\u00e7in s\u00fcrekli olarak \u00fcr\u00fcn portf\u00f6y\u00fcn\u00fc geli\u015ftirmekte ve inovatif bak\u0131\u015f a\u00e7\u0131s\u0131yla yenilik\u00e7i \u00e7\u00f6z\u00fcmler sunmaya devam etmektedir.<\/h2>\t\t<\/div>\n\t\t\t\t<\/div>\n\t\t\t\t\t<\/div>\n\t\t<\/div>\n\t\t\t\t\t<\/div>\n\t\t<\/section>\n\t\t\t\t<section class=\"elementor-section elementor-top-section elementor-element elementor-element-cdc681a elementor-section-boxed elementor-section-height-default elementor-section-height-default\" data-id=\"cdc681a\" data-element_type=\"section\" data-settings=\"{&quot;shape_divider_bottom&quot;:&quot;triangle&quot;,&quot;shape_divider_bottom_negative&quot;:&quot;yes&quot;}\">\n\t\t\t\t\t<div class=\"elementor-shape elementor-shape-bottom\" data-negative=\"true\">\n\t\t\t<svg xmlns=\"http:\/\/www.w3.org\/2000\/svg\" viewbox=\"0 0 1000 100\" preserveaspectratio=\"none\">\n\t<path class=\"elementor-shape-fill\" d=\"M500.2,94.7L0,0v100h1000V0L500.2,94.7z\"\/>\n<\/svg>\t\t<\/div>\n\t\t\t\t\t<div class=\"elementor-container elementor-column-gap-default\">\n\t\t\t\t\t<div class=\"elementor-column elementor-col-50 elementor-top-column elementor-element elementor-element-078b11a animated-slow elementor-invisible\" data-id=\"078b11a\" data-element_type=\"column\" data-settings=\"{&quot;animation&quot;:&quot;fadeInUp&quot;,&quot;animation_delay&quot;:3}\">\n\t\t\t<div class=\"elementor-widget-wrap elementor-element-populated\">\n\t\t\t\t\t\t<div class=\"elementor-element elementor-element-1b1d95a elementor-widget elementor-widget-image\" data-id=\"1b1d95a\" data-element_type=\"widget\" data-widget_type=\"image.default\">\n\t\t\t\t<div class=\"elementor-widget-container\">\n\t\t\t<style>\/*! elementor - v3.23.0 - 15-07-2024 *\/\n.elementor-widget-image{text-align:center}.elementor-widget-image a{display:inline-block}.elementor-widget-image a img[src$=\".svg\"]{width:48px}.elementor-widget-image img{vertical-align:middle;display:inline-block}<\/style>\t\t\t\t\t\t\t\t\t\t<img fetchpriority=\"high\" decoding=\"async\" width=\"1100\" height=\"1247\" src=\"https:\/\/tridenttr.com\/wp-content\/uploads\/2023\/04\/proffesionalteam-min.png\" class=\"elementor-animation-grow attachment-full size-full wp-image-1277 has-transparency\" alt=\"\" srcset=\"https:\/\/tridenttr.com\/wp-content\/uploads\/2023\/04\/proffesionalteam-min.png 1100w, https:\/\/tridenttr.com\/wp-content\/uploads\/2023\/04\/proffesionalteam-min-265x300.png 265w, https:\/\/tridenttr.com\/wp-content\/uploads\/2023\/04\/proffesionalteam-min-909x1030.png 909w, https:\/\/tridenttr.com\/wp-content\/uploads\/2023\/04\/proffesionalteam-min-768x871.png 768w, https:\/\/tridenttr.com\/wp-content\/uploads\/2023\/04\/proffesionalteam-min-11x12.png 11w\" sizes=\"(max-width: 1100px) 100vw, 1100px\" data-has-transparency=\"true\" data-dominant-color=\"9a6743\" style=\"--dominant-color: #9a6743\" \/>\t\t\t\t\t\t\t\t\t\t\t\t\t<\/div>\n\t\t\t\t<\/div>\n\t\t\t\t\t<\/div>\n\t\t<\/div>\n\t\t\t\t<div class=\"elementor-column elementor-col-50 elementor-top-column elementor-element elementor-element-2c25806 animated-slow elementor-invisible\" data-id=\"2c25806\" data-element_type=\"column\" data-settings=\"{&quot;animation&quot;:&quot;fadeInUp&quot;}\">\n\t\t\t<div class=\"elementor-widget-wrap elementor-element-populated\">\n\t\t\t\t\t\t<div class=\"elementor-element elementor-element-346f79d elementor-widget elementor-widget-heading\" data-id=\"346f79d\" data-element_type=\"widget\" data-widget_type=\"heading.default\">\n\t\t\t\t<div class=\"elementor-widget-container\">\n\t\t\t<h2 class=\"elementor-heading-title elementor-size-default\">PROFESYONEL EK\u0130P<\/h2>\t\t<\/div>\n\t\t\t\t<\/div>\n\t\t\t\t<div class=\"elementor-element elementor-element-d25cc1c elementor-widget elementor-widget-heading\" data-id=\"d25cc1c\" data-element_type=\"widget\" data-widget_type=\"heading.default\">\n\t\t\t\t<div class=\"elementor-widget-container\">\n\t\t\t<h2 class=\"elementor-heading-title elementor-size-default\">Almanya, Kosova, \u0130talya, H\u0131rvatistan, Makedonya ve Arnavutluk'ta bulunan deneyimli profesyonellerden olu\u015fan ekibimiz, yang\u0131n g\u00fcvenli\u011fi teknolojisindeki son geli\u015fmeler konusunda bilgi sahibi ve donan\u0131ml\u0131d\u0131r. M\u00fc\u015fterilerimizin g\u00fcvenli\u011fini art\u0131rabilmek ve yang\u0131n acil durumlar\u0131nda haz\u0131rl\u0131kl\u0131 olmalar\u0131n\u0131 sa\u011flayabilmek i\u00e7in s\u00fcrekli olarak yeni \u00fcr\u00fcnler ve yenilikler ara\u015ft\u0131r\u0131yoruz.\nGururla bildirmek isteriz ki, ola\u011fan\u00fcst\u00fc bir \u00e7abayla, sizleri memnun etmek i\u00e7in hi\u00e7 durmadan \u00e7al\u0131\u015f\u0131yoruz. D\u00fcnya genelindeki m\u00fc\u015fterilerimizle i\u015fbirli\u011fi i\u00e7inde \u00e7al\u0131\u015farak, ihtiya\u00e7lar\u0131 en iyi \u015fekilde kar\u015f\u0131layan \u00fcr\u00fcn ve hizmetleri sunmaya \u00f6zen g\u00f6steriyoruz. Ekibimiz her zaman sorular\u0131 yan\u0131tlamak, tavsiyelerde bulunmak ve m\u00fc\u015fterilere destek sa\u011flamak i\u00e7in haz\u0131r durumdad\u0131r.\n\u00dcretim ve sat\u0131\u015f operasyonlar\u0131m\u0131za ek olarak, m\u00fc\u015fterilerimizin TRIDENT'in sundu\u011fu yang\u0131n g\u00fcvenli\u011fi ile ilgili etkili \u00f6nlemleri daha iyi anlamalar\u0131na yard\u0131mc\u0131 olmak amac\u0131yla e\u011fitim ve \u00f6\u011fretim hizmetleri de sa\u011fl\u0131yoruz. Bilginin, etkili yang\u0131n g\u00fcvenli\u011finin anahtar\u0131 oldu\u011funa inan\u0131yoruz. Bu nedenle uzmanl\u0131\u011f\u0131m\u0131z\u0131 m\u00fc\u015fterilerimiz ve i\u015f ortaklar\u0131m\u0131zla payla\u015fmaya kararl\u0131y\u0131z.<\/h2>\t\t<\/div>\n\t\t\t\t<\/div>\n\t\t\t\t\t<\/div>\n\t\t<\/div>\n\t\t\t\t\t<\/div>\n\t\t<\/section>\n\t\t\t\t<section class=\"elementor-section elementor-top-section elementor-element elementor-element-e3ca02c elementor-section-boxed elementor-section-height-default elementor-section-height-default\" data-id=\"e3ca02c\" data-element_type=\"section\" data-settings=\"{&quot;shape_divider_top&quot;:&quot;tilt&quot;}\">\n\t\t\t\t\t<div class=\"elementor-shape elementor-shape-top\" data-negative=\"false\">\n\t\t\t<svg xmlns=\"http:\/\/www.w3.org\/2000\/svg\" viewbox=\"0 0 1000 100\" preserveaspectratio=\"none\">\n\t<path class=\"elementor-shape-fill\" d=\"M0,6V0h1000v100L0,6z\"\/>\n<\/svg>\t\t<\/div>\n\t\t\t\t\t<div class=\"elementor-container elementor-column-gap-default\">\n\t\t\t\t\t<div class=\"elementor-column elementor-col-50 elementor-top-column elementor-element elementor-element-c148841 animated-slow elementor-invisible\" data-id=\"c148841\" data-element_type=\"column\" data-settings=\"{&quot;animation&quot;:&quot;fadeInUp&quot;}\">\n\t\t\t<div class=\"elementor-widget-wrap elementor-element-populated\">\n\t\t\t\t\t\t<div class=\"elementor-element elementor-element-7ff0533 elementor-widget elementor-widget-heading\" data-id=\"7ff0533\" data-element_type=\"widget\" data-widget_type=\"heading.default\">\n\t\t\t\t<div class=\"elementor-widget-container\">\n\t\t\t<h2 class=\"elementor-heading-title elementor-size-default\">G\u00dcVENL\u0130K \u00d6NCEL\u0130KL\u0130D\u0130R<\/h2>\t\t<\/div>\n\t\t\t\t<\/div>\n\t\t\t\t<div class=\"elementor-element elementor-element-8b92fe5 elementor-widget elementor-widget-heading\" data-id=\"8b92fe5\" data-element_type=\"widget\" data-widget_type=\"heading.default\">\n\t\t\t\t<div class=\"elementor-widget-container\">\n\t\t\t<h2 class=\"elementor-heading-title elementor-size-default\">TRIDENT TR olarak, yang\u0131n g\u00fcvenli\u011fi konusundaki tutkumuzla m\u00fc\u015fterilerimize m\u00fcmk\u00fcn olan en iyi \u00fcr\u00fcn ve hizmetleri sunmaya kararl\u0131y\u0131z. \u00c7evre dostu bir yang\u0131n s\u00f6nd\u00fcr\u00fcc\u00fc ihtiyac\u0131n\u0131z oldu\u011funda ya da t\u00fcm bir end\u00fcstriyel tesisi donatmak istedi\u011finizde, ihtiya\u00e7lar\u0131n\u0131za uygun \u00e7\u00f6z\u00fcmleri memnuniyetle sunabiliriz.<\/h2>\t\t<\/div>\n\t\t\t\t<\/div>\n\t\t\t\t\t<\/div>\n\t\t<\/div>\n\t\t\t\t<div class=\"elementor-column elementor-col-50 elementor-top-column elementor-element elementor-element-0de1a0c animated-slow elementor-invisible\" data-id=\"0de1a0c\" data-element_type=\"column\" data-settings=\"{&quot;animation&quot;:&quot;fadeInUp&quot;}\">\n\t\t\t<div class=\"elementor-widget-wrap elementor-element-populated\">\n\t\t\t\t\t\t<div class=\"elementor-element elementor-element-aaeb291 elementor-widget elementor-widget-image\" data-id=\"aaeb291\" data-element_type=\"widget\" data-widget_type=\"image.default\">\n\t\t\t\t<div class=\"elementor-widget-container\">\n\t\t\t\t\t\t\t\t\t\t\t\t\t<img decoding=\"async\" width=\"1100\" height=\"1259\" src=\"https:\/\/tridenttr.com\/wp-content\/uploads\/2023\/04\/safetyprimary-min.png\" class=\"elementor-animation-grow attachment-full size-full wp-image-1275 has-transparency\" alt=\"\" srcset=\"https:\/\/tridenttr.com\/wp-content\/uploads\/2023\/04\/safetyprimary-min.png 1100w, https:\/\/tridenttr.com\/wp-content\/uploads\/2023\/04\/safetyprimary-min-262x300.png 262w, https:\/\/tridenttr.com\/wp-content\/uploads\/2023\/04\/safetyprimary-min-900x1030.png 900w, https:\/\/tridenttr.com\/wp-content\/uploads\/2023\/04\/safetyprimary-min-768x879.png 768w, https:\/\/tridenttr.com\/wp-content\/uploads\/2023\/04\/safetyprimary-min-10x12.png 10w\" sizes=\"(max-width: 1100px) 100vw, 1100px\" data-has-transparency=\"true\" data-dominant-color=\"642218\" style=\"--dominant-color: #642218\" \/>\t\t\t\t\t\t\t\t\t\t\t\t\t<\/div>\n\t\t\t\t<\/div>\n\t\t\t\t\t<\/div>\n\t\t<\/div>\n\t\t\t\t\t<\/div>\n\t\t<\/section>\n\t\t\t\t<section class=\"elementor-section elementor-top-section elementor-element elementor-element-91cd42a elementor-section-boxed elementor-section-height-default elementor-section-height-default\" data-id=\"91cd42a\" data-element_type=\"section\">\n\t\t\t\t\t\t<div class=\"elementor-container elementor-column-gap-default\">\n\t\t\t\t\t<div class=\"elementor-column elementor-col-50 elementor-top-column elementor-element elementor-element-10402f0\" data-id=\"10402f0\" data-element_type=\"column\">\n\t\t\t<div class=\"elementor-widget-wrap\">\n\t\t\t\t\t\t\t<\/div>\n\t\t<\/div>\n\t\t\t\t<div class=\"elementor-column elementor-col-50 elementor-top-column elementor-element elementor-element-9ff0caf\" data-id=\"9ff0caf\" data-element_type=\"column\">\n\t\t\t<div class=\"elementor-widget-wrap\">\n\t\t\t\t\t\t\t<\/div>\n\t\t<\/div>\n\t\t\t\t\t<\/div>\n\t\t<\/section>\n\t\t\t\t<\/div>","protected":false},"excerpt":{"rendered":"<p>HAKKIMIZDA TRIDENT TR, biyolojik yang\u0131n s\u00f6nd\u00fcrme maddesi \u00fcretimi alan\u0131nda uzmanla\u015fm\u0131\u015f bir \u015firkettir. K\u00fcresel \u00e7apta faaliyet g\u00f6steren firmam\u0131z, m\u00fc\u015fterilerine y\u00fcksek kaliteli yang\u0131n g\u00fcvenli\u011fi \u00e7\u00f6z\u00fcmleri sunmay\u0131 hedeflemektedir. Sekt\u00f6rdeki uzun y\u0131llara dayanan deneyimi sayesinde TRIDENT, d\u00fcnya genelinde bir\u00e7ok \u00f6zel ve kamu kurulu\u015fu i\u00e7in yang\u0131n s\u00f6nd\u00fcr\u00fcc\u00fcler ve yang\u0131n ile ilgili \u00fcr\u00fcnler konusunda g\u00fcvenilir bir kaynak olarak kendini kan\u0131tlam\u0131\u015ft\u0131r. TRIDENT [&hellip;]<\/p>","protected":false},"author":1,"featured_media":0,"parent":0,"menu_order":0,"comment_status":"closed","ping_status":"closed","template":"elementor_header_footer","meta":{"footnotes":""},"yoast_head":"<!-- This site is optimized with the Yoast SEO Premium plugin v21.5 (Yoast SEO v23.0) - https:\/\/yoast.com\/wordpress\/plugins\/seo\/ -->\n<title>Hakk\u0131m\u0131zda - Trident TR<\/title>\n<meta name=\"description\" content=\"Hakk\u0131m\u0131zda - Trident TR\" \/>\n<meta name=\"robots\" content=\"index, follow, max-snippet:-1, max-image-preview:large, max-video-preview:-1\" \/>\n<link rel=\"canonical\" href=\"https:\/\/tridenttr.com\/en\/hakkimizda\/\" \/>\n<meta property=\"og:locale\" content=\"en_US\" \/>\n<meta property=\"og:type\" content=\"article\" \/>\n<meta property=\"og:title\" content=\"Hakk\u0131m\u0131zda - Trident TR\" \/>\n<meta property=\"og:description\" content=\"Hakk\u0131m\u0131zda - Trident TR\" \/>\n<meta property=\"og:url\" content=\"https:\/\/tridenttr.com\/en\/hakkimizda\/\" \/>\n<meta property=\"og:site_name\" content=\"Trident TR\" \/>\n<meta property=\"article:modified_time\" content=\"2024-03-07T12:53:07+00:00\" \/>\n<meta property=\"og:image\" content=\"https:\/\/tridenttr.com\/wp-content\/uploads\/2023\/04\/proffesionalteam-min.png\" \/>\n<meta name=\"twitter:card\" content=\"summary_large_image\" \/>\n<script type=\"application\/ld+json\" class=\"yoast-schema-graph\">{\"@context\":\"https:\/\/schema.org\",\"@graph\":[{\"@type\":\"WebPage\",\"@id\":\"https:\/\/tridenttr.com\/tr\/hakkimizda\/\",\"url\":\"https:\/\/tridenttr.com\/tr\/hakkimizda\/\",\"name\":\"Hakk\u0131m\u0131zda - Trident TR\",\"isPartOf\":{\"@id\":\"https:\/\/tridenttr.com\/tr\/#website\"},\"primaryImageOfPage\":{\"@id\":\"https:\/\/tridenttr.com\/tr\/hakkimizda\/#primaryimage\"},\"image\":{\"@id\":\"https:\/\/tridenttr.com\/tr\/hakkimizda\/#primaryimage\"},\"thumbnailUrl\":\"https:\/\/tridenttr.com\/wp-content\/uploads\/2023\/04\/proffesionalteam-min.png\",\"datePublished\":\"2023-03-27T20:29:08+00:00\",\"dateModified\":\"2024-03-07T12:53:07+00:00\",\"description\":\"Hakk\u0131m\u0131zda - Trident TR\",\"breadcrumb\":{\"@id\":\"https:\/\/tridenttr.com\/tr\/hakkimizda\/#breadcrumb\"},\"inLanguage\":\"en-US\",\"potentialAction\":[{\"@type\":\"ReadAction\",\"target\":[\"https:\/\/tridenttr.com\/tr\/hakkimizda\/\"]}]},{\"@type\":\"ImageObject\",\"inLanguage\":\"en-US\",\"@id\":\"https:\/\/tridenttr.com\/tr\/hakkimizda\/#primaryimage\",\"url\":\"https:\/\/tridenttr.com\/wp-content\/uploads\/2023\/04\/proffesionalteam-min.png\",\"contentUrl\":\"https:\/\/tridenttr.com\/wp-content\/uploads\/2023\/04\/proffesionalteam-min.png\"},{\"@type\":\"BreadcrumbList\",\"@id\":\"https:\/\/tridenttr.com\/tr\/hakkimizda\/#breadcrumb\",\"itemListElement\":[{\"@type\":\"ListItem\",\"position\":1,\"name\":\"Home\",\"item\":\"https:\/\/tridenttr.com\/\"},{\"@type\":\"ListItem\",\"position\":2,\"name\":\"Hakk\u0131m\u0131zda\"}]},{\"@type\":\"WebSite\",\"@id\":\"https:\/\/tridenttr.com\/tr\/#website\",\"url\":\"https:\/\/tridenttr.com\/tr\/\",\"name\":\"Trident TR\",\"description\":\"FIRE PROTECTION AGENCY\",\"publisher\":{\"@id\":\"https:\/\/tridenttr.com\/tr\/#organization\"},\"potentialAction\":[{\"@type\":\"SearchAction\",\"target\":{\"@type\":\"EntryPoint\",\"urlTemplate\":\"https:\/\/tridenttr.com\/tr\/?s={search_term_string}\"},\"query-input\":\"required name=search_term_string\"}],\"inLanguage\":\"en-US\"},{\"@type\":\"Organization\",\"@id\":\"https:\/\/tridenttr.com\/tr\/#organization\",\"name\":\"Trident CSL\",\"url\":\"https:\/\/tridenttr.com\/tr\/\",\"logo\":{\"@type\":\"ImageObject\",\"inLanguage\":\"en-US\",\"@id\":\"https:\/\/tridenttr.com\/tr\/#\/schema\/logo\/image\/\",\"url\":\"https:\/\/tridenttr.com\/wp-content\/uploads\/2023\/12\/tridenttr-logo.png\",\"contentUrl\":\"https:\/\/tridenttr.com\/wp-content\/uploads\/2023\/12\/tridenttr-logo.png\",\"width\":300,\"height\":100,\"caption\":\"Trident CSL\"},\"image\":{\"@id\":\"https:\/\/tridenttr.com\/tr\/#\/schema\/logo\/image\/\"}}]}<\/script>\n<!-- \/ Yoast SEO Premium plugin. -->","yoast_head_json":{"title":"Hakk\u0131m\u0131zda - Trident TR","description":"Hakk\u0131m\u0131zda - Trident TR","robots":{"index":"index","follow":"follow","max-snippet":"max-snippet:-1","max-image-preview":"max-image-preview:large","max-video-preview":"max-video-preview:-1"},"canonical":"https:\/\/tridenttr.com\/en\/hakkimizda\/","og_locale":"en_US","og_type":"article","og_title":"Hakk\u0131m\u0131zda - Trident TR","og_description":"Hakk\u0131m\u0131zda - Trident TR","og_url":"https:\/\/tridenttr.com\/en\/hakkimizda\/","og_site_name":"Trident TR","article_modified_time":"2024-03-07T12:53:07+00:00","og_image":[{"url":"https:\/\/tridenttr.com\/wp-content\/uploads\/2023\/04\/proffesionalteam-min.png"}],"twitter_card":"summary_large_image","schema":{"@context":"https:\/\/schema.org","@graph":[{"@type":"WebPage","@id":"https:\/\/tridenttr.com\/tr\/hakkimizda\/","url":"https:\/\/tridenttr.com\/tr\/hakkimizda\/","name":"Hakk\u0131m\u0131zda - Trident TR","isPartOf":{"@id":"https:\/\/tridenttr.com\/tr\/#website"},"primaryImageOfPage":{"@id":"https:\/\/tridenttr.com\/tr\/hakkimizda\/#primaryimage"},"image":{"@id":"https:\/\/tridenttr.com\/tr\/hakkimizda\/#primaryimage"},"thumbnailUrl":"https:\/\/tridenttr.com\/wp-content\/uploads\/2023\/04\/proffesionalteam-min.png","datePublished":"2023-03-27T20:29:08+00:00","dateModified":"2024-03-07T12:53:07+00:00","description":"Hakk\u0131m\u0131zda - Trident TR","breadcrumb":{"@id":"https:\/\/tridenttr.com\/tr\/hakkimizda\/#breadcrumb"},"inLanguage":"en-US","potentialAction":[{"@type":"ReadAction","target":["https:\/\/tridenttr.com\/tr\/hakkimizda\/"]}]},{"@type":"ImageObject","inLanguage":"en-US","@id":"https:\/\/tridenttr.com\/tr\/hakkimizda\/#primaryimage","url":"https:\/\/tridenttr.com\/wp-content\/uploads\/2023\/04\/proffesionalteam-min.png","contentUrl":"https:\/\/tridenttr.com\/wp-content\/uploads\/2023\/04\/proffesionalteam-min.png"},{"@type":"BreadcrumbList","@id":"https:\/\/tridenttr.com\/tr\/hakkimizda\/#breadcrumb","itemListElement":[{"@type":"ListItem","position":1,"name":"Home","item":"https:\/\/tridenttr.com\/"},{"@type":"ListItem","position":2,"name":"Hakk\u0131m\u0131zda"}]},{"@type":"WebSite","@id":"https:\/\/tridenttr.com\/tr\/#website","url":"https:\/\/tridenttr.com\/tr\/","name":"Trident TR","description":"FIRE PROTECTION AGENCY","publisher":{"@id":"https:\/\/tridenttr.com\/tr\/#organization"},"potentialAction":[{"@type":"SearchAction","target":{"@type":"EntryPoint","urlTemplate":"https:\/\/tridenttr.com\/tr\/?s={search_term_string}"},"query-input":"required name=search_term_string"}],"inLanguage":"en-US"},{"@type":"Organization","@id":"https:\/\/tridenttr.com\/tr\/#organization","name":"Trident CSL","url":"https:\/\/tridenttr.com\/tr\/","logo":{"@type":"ImageObject","inLanguage":"en-US","@id":"https:\/\/tridenttr.com\/tr\/#\/schema\/logo\/image\/","url":"https:\/\/tridenttr.com\/wp-content\/uploads\/2023\/12\/tridenttr-logo.png","contentUrl":"https:\/\/tridenttr.com\/wp-content\/uploads\/2023\/12\/tridenttr-logo.png","width":300,"height":100,"caption":"Trident CSL"},"image":{"@id":"https:\/\/tridenttr.com\/tr\/#\/schema\/logo\/image\/"}}]}},"_links":{"self":[{"href":"https:\/\/tridenttr.com\/en\/wp-json\/wp\/v2\/pages\/987"}],"collection":[{"href":"https:\/\/tridenttr.com\/en\/wp-json\/wp\/v2\/pages"}],"about":[{"href":"https:\/\/tridenttr.com\/en\/wp-json\/wp\/v2\/types\/page"}],"author":[{"embeddable":true,"href":"https:\/\/tridenttr.com\/en\/wp-json\/wp\/v2\/users\/1"}],"replies":[{"embeddable":true,"href":"https:\/\/tridenttr.com\/en\/wp-json\/wp\/v2\/comments?post=987"}],"version-history":[{"count":47,"href":"https:\/\/tridenttr.com\/en\/wp-json\/wp\/v2\/pages\/987\/revisions"}],"predecessor-version":[{"id":1612,"href":"https:\/\/tridenttr.com\/en\/wp-json\/wp\/v2\/pages\/987\/revisions\/1612"}],"wp:attachment":[{"href":"https:\/\/tridenttr.com\/en\/wp-json\/wp\/v2\/media?parent=987"}],"curies":[{"name":"wp","href":"https:\/\/api.w.org\/{rel}","templated":true}]}}