{"id":1009,"date":"2023-03-27T21:16:03","date_gmt":"2023-03-27T21:16:03","guid":{"rendered":"https:\/\/tridenttr.com\/?page_id=1009"},"modified":"2024-07-22T13:27:29","modified_gmt":"2024-07-22T13:27:29","slug":"trident-hakkinda","status":"publish","type":"page","link":"https:\/\/tridenttr.com\/de\/trident-hakkinda\/","title":{"rendered":"\u00dcber Trident"},"content":{"rendered":"<div data-elementor-type=\"wp-page\" data-elementor-id=\"1009\" class=\"elementor elementor-1009\" data-elementor-post-type=\"page\">\n\t\t\t\t\t\t<section class=\"elementor-section elementor-top-section elementor-element elementor-element-cf96a8c elementor-section-full_width elementor-section-height-min-height elementor-section-content-middle elementor-section-height-default elementor-section-items-middle\" data-id=\"cf96a8c\" data-element_type=\"section\" data-settings=\"{&quot;background_background&quot;:&quot;slideshow&quot;,&quot;background_slideshow_gallery&quot;:[{&quot;id&quot;:997,&quot;url&quot;:&quot;https:\\\/\\\/tridenttr.com\\\/wp-content\\\/uploads\\\/2023\\\/03\\\/about-us.png&quot;},{&quot;id&quot;:1073,&quot;url&quot;:&quot;https:\\\/\\\/tridenttr.com\\\/wp-content\\\/uploads\\\/2023\\\/03\\\/firemen-using-extinguisher-water-fight-fire-during-training-1-min-jpg.webp&quot;},{&quot;id&quot;:77,&quot;url&quot;:&quot;https:\\\/\\\/tridenttr.com\\\/wp-content\\\/uploads\\\/2023\\\/03\\\/firefighter-spraying-down-fire-from-oil-tanker-truck-accident-scaled.webp&quot;}],&quot;background_slideshow_slide_duration&quot;:3000,&quot;background_slideshow_transition_duration&quot;:300,&quot;background_slideshow_ken_burns&quot;:&quot;yes&quot;,&quot;background_slideshow_loop&quot;:&quot;yes&quot;,&quot;background_slideshow_slide_transition&quot;:&quot;fade&quot;,&quot;background_slideshow_ken_burns_zoom_direction&quot;:&quot;in&quot;}\">\n\t\t\t\t\t\t\t<div class=\"elementor-background-overlay\"><\/div>\n\t\t\t\t\t\t\t<div class=\"elementor-container elementor-column-gap-no\">\n\t\t\t\t\t<div class=\"elementor-column elementor-col-100 elementor-top-column elementor-element elementor-element-14e0f60\" data-id=\"14e0f60\" data-element_type=\"column\">\n\t\t\t<div class=\"elementor-widget-wrap\">\n\t\t\t\t\t\t\t<\/div>\n\t\t<\/div>\n\t\t\t\t\t<\/div>\n\t\t<\/section>\n\t\t\t\t<section class=\"elementor-section elementor-top-section elementor-element elementor-element-4b0c983 animated-slow elementor-section-boxed elementor-section-height-default elementor-section-height-default elementor-invisible\" data-id=\"4b0c983\" data-element_type=\"section\" data-settings=\"{&quot;background_background&quot;:&quot;classic&quot;,&quot;animation&quot;:&quot;fadeInUp&quot;}\">\n\t\t\t\t\t\t<div class=\"elementor-container elementor-column-gap-default\">\n\t\t\t\t\t<div class=\"elementor-column elementor-col-100 elementor-top-column elementor-element elementor-element-fdeb2cf\" data-id=\"fdeb2cf\" data-element_type=\"column\">\n\t\t\t<div class=\"elementor-widget-wrap elementor-element-populated\">\n\t\t\t\t\t\t<div class=\"elementor-element elementor-element-22b5d3f elementor-widget elementor-widget-heading\" data-id=\"22b5d3f\" data-element_type=\"widget\" data-widget_type=\"heading.default\">\n\t\t\t\t<div class=\"elementor-widget-container\">\n\t\t\t<style>\/*! elementor - v3.23.0 - 15-07-2024 *\/\n.elementor-heading-title{padding:0;margin:0;line-height:1}.elementor-widget-heading .elementor-heading-title[class*=elementor-size-]>a{color:inherit;font-size:inherit;line-height:inherit}.elementor-widget-heading .elementor-heading-title.elementor-size-small{font-size:15px}.elementor-widget-heading .elementor-heading-title.elementor-size-medium{font-size:19px}.elementor-widget-heading .elementor-heading-title.elementor-size-large{font-size:29px}.elementor-widget-heading .elementor-heading-title.elementor-size-xl{font-size:39px}.elementor-widget-heading .elementor-heading-title.elementor-size-xxl{font-size:59px}<\/style><h2 class=\"elementor-heading-title elementor-size-default\">TRIDENT TR olarak, Alman patentli markam\u0131zla Almanya'da \u00fcretti\u011fimiz ekolojik, su bazl\u0131 ve gelece\u011fin devrim niteli\u011findeki yang\u0131n s\u00f6nd\u00fcrme \u00e7\u00f6z\u00fcmlerini sunmaktan gurur duyuyoruz. <br>\nTRIDENT, lityum pil yang\u0131nlar\u0131 dahil olmak \u00fczere A, B, C, D ve F s\u0131n\u0131f\u0131 yang\u0131nlar\u0131 s\u00f6nd\u00fcrebilen g\u00fc\u00e7l\u00fc ve etkili bir \u00fcr\u00fcnd\u00fcr. TRIDENT, \u00e7evreye zarar vermeden eviniz veya i\u015f yerinizi koruyabilen, \u00e7evre dostu yang\u0131ndan korunma \u00e7\u00f6z\u00fcm\u00fcd\u00fcr.\n\nYang\u0131n koruma form\u00fcl\u00fcm\u00fcz, \u00f6zenle bir araya getirilmi\u015f su ve \u00e7evre dostu di\u011fer organik maddelerin kar\u0131\u015f\u0131m\u0131n\u0131 i\u00e7erir, b\u00f6ylece yang\u0131nlar\u0131 h\u0131zl\u0131 ve etkili bir \u015fekilde s\u00f6nd\u00fcrebilirsiniz. \u00dcr\u00fcn\u00fcm\u00fcz\u00fcn, su bazl\u0131 ve do\u011faya uyumlu olmas\u0131yla birlikte, WGK: 1, pH de\u011feri: yakla\u015f\u0131k 7.3, biyolojik bozunma kabiliyeti, y\u00fczey gerilimi (mN\/m): yakla\u015f\u0131k 20, yo\u011funluk g\/cm3: 1.01-1.05 (20 \u00b0C) gibi \u00f6zelliklere sahiptir. Ayr\u0131ca, 20 \u00b0C'de suda tamamen \u00e7\u00f6z\u00fcn\u00fcr ve donma noktas\u0131 -10 \u00b0C'dir. \u00dcr\u00fcn\u00fcm\u00fcz\u00fcn benzersiz \u00f6zelli\u011fi, orijinal kapal\u0131 ambalaj\u0131nda 10 y\u0131l raf \u00f6mr\u00fc sunabilmesidir.\n<br>Web sitemizi inceleyerek daha fazla bilgi edinebilir ve yang\u0131n g\u00fcvenli\u011fi konusunda g\u00fcvenilir \u00e7\u00f6z\u00fcmler bulabilirsiniz. \nTRIDENT TR ailesine ho\u015f geldiniz!<\/h2>\t\t<\/div>\n\t\t\t\t<\/div>\n\t\t\t\t\t<\/div>\n\t\t<\/div>\n\t\t\t\t\t<\/div>\n\t\t<\/section>\n\t\t\t\t<section class=\"elementor-section elementor-top-section elementor-element elementor-element-cdc681a elementor-section-boxed elementor-section-height-default elementor-section-height-default\" data-id=\"cdc681a\" data-element_type=\"section\" data-settings=\"{&quot;shape_divider_bottom&quot;:&quot;triangle&quot;,&quot;shape_divider_bottom_negative&quot;:&quot;yes&quot;}\">\n\t\t\t\t\t<div class=\"elementor-shape elementor-shape-bottom\" data-negative=\"true\">\n\t\t\t<svg xmlns=\"http:\/\/www.w3.org\/2000\/svg\" viewbox=\"0 0 1000 100\" preserveaspectratio=\"none\">\n\t<path class=\"elementor-shape-fill\" d=\"M500.2,94.7L0,0v100h1000V0L500.2,94.7z\"\/>\n<\/svg>\t\t<\/div>\n\t\t\t\t\t<div class=\"elementor-container elementor-column-gap-default\">\n\t\t\t\t\t<div class=\"elementor-column elementor-col-50 elementor-top-column elementor-element elementor-element-078b11a animated-slow elementor-invisible\" data-id=\"078b11a\" data-element_type=\"column\" data-settings=\"{&quot;animation&quot;:&quot;fadeInUp&quot;}\">\n\t\t\t<div class=\"elementor-widget-wrap elementor-element-populated\">\n\t\t\t\t\t\t<div class=\"elementor-element elementor-element-1b1d95a elementor-widget elementor-widget-image\" data-id=\"1b1d95a\" data-element_type=\"widget\" data-widget_type=\"image.default\">\n\t\t\t\t<div class=\"elementor-widget-container\">\n\t\t\t<style>\/*! elementor - v3.23.0 - 15-07-2024 *\/\n.elementor-widget-image{text-align:center}.elementor-widget-image a{display:inline-block}.elementor-widget-image a img[src$=\".svg\"]{width:48px}.elementor-widget-image img{vertical-align:middle;display:inline-block}<\/style>\t\t\t\t\t\t\t\t\t\t<img fetchpriority=\"high\" decoding=\"async\" width=\"1100\" height=\"1247\" src=\"https:\/\/tridenttr.com\/wp-content\/uploads\/2023\/04\/proffesionalteam-min.png\" class=\"elementor-animation-grow attachment-full size-full wp-image-1277 has-transparency\" alt=\"\" srcset=\"https:\/\/tridenttr.com\/wp-content\/uploads\/2023\/04\/proffesionalteam-min.png 1100w, https:\/\/tridenttr.com\/wp-content\/uploads\/2023\/04\/proffesionalteam-min-265x300.png 265w, https:\/\/tridenttr.com\/wp-content\/uploads\/2023\/04\/proffesionalteam-min-909x1030.png 909w, https:\/\/tridenttr.com\/wp-content\/uploads\/2023\/04\/proffesionalteam-min-768x871.png 768w, https:\/\/tridenttr.com\/wp-content\/uploads\/2023\/04\/proffesionalteam-min-11x12.png 11w\" sizes=\"(max-width: 1100px) 100vw, 1100px\" data-has-transparency=\"true\" data-dominant-color=\"9a6743\" style=\"--dominant-color: #9a6743\" \/>\t\t\t\t\t\t\t\t\t\t\t\t\t<\/div>\n\t\t\t\t<\/div>\n\t\t\t\t\t<\/div>\n\t\t<\/div>\n\t\t\t\t<div class=\"elementor-column elementor-col-50 elementor-top-column elementor-element elementor-element-2c25806 animated-slow elementor-invisible\" data-id=\"2c25806\" data-element_type=\"column\" data-settings=\"{&quot;animation&quot;:&quot;fadeInUp&quot;}\">\n\t\t\t<div class=\"elementor-widget-wrap elementor-element-populated\">\n\t\t\t\t\t\t<div class=\"elementor-element elementor-element-346f79d elementor-widget elementor-widget-heading\" data-id=\"346f79d\" data-element_type=\"widget\" data-widget_type=\"heading.default\">\n\t\t\t\t<div class=\"elementor-widget-container\">\n\t\t\t<h2 class=\"elementor-heading-title elementor-size-default\">KULLANIMI KOLAY<\/h2>\t\t<\/div>\n\t\t\t\t<\/div>\n\t\t\t\t<div class=\"elementor-element elementor-element-d25cc1c elementor-widget elementor-widget-heading\" data-id=\"d25cc1c\" data-element_type=\"widget\" data-widget_type=\"heading.default\">\n\t\t\t\t<div class=\"elementor-widget-container\">\n\t\t\t<h2 class=\"elementor-heading-title elementor-size-default\">TRIDENT yang\u0131n s\u00f6nd\u00fcr\u00fcc\u00fc, elektrikli ekipmanlarda, batarya ve pillerle \u00e7al\u0131\u015fabilen bir \u00fcr\u00fcnd\u00fcr. Ayr\u0131ca, \u00fcr\u00fcn\u00fcm\u00fcz 2500 derece s\u0131cakl\u0131klarda yanan magnezyum yang\u0131n\u0131n\u0131 da 30 saniyeden k\u0131sa s\u00fcrede s\u00f6nd\u00fcrebilme \u00f6zelli\u011fine sahiptir. Kullan\u0131m\u0131 kolay tasar\u0131m\u0131 sayesinde, \u00fcr\u00fcn\u00fcm\u00fcz\u00fc her t\u00fcrl\u00fc acil durumda etkili bir \u015fekilde kullanabilirsiniz.\n\u00dcr\u00fcn\u00fcm\u00fcz, AB yasalar\u0131na ve y\u00f6netmeliklerine ek olarak, t\u00fcm d\u00fcnyadaki havalimanlar\u0131nda kullan\u0131lan k\u00fcresel bir standart olan ICAO B S\u0131n\u0131f\u0131 sertifikas\u0131na sahiptir. Ba\u015fl\u0131ca pazar\u0131m\u0131z AB \u00fclkelerinden olu\u015fmaktad\u0131r, h\u0131zla geni\u015fleyerek Balkanlar, Afrika \u00fclkeleri, Asya, ABD ve Kanada gibi daha geni\u015f co\u011frafyalara yay\u0131lmaktay\u0131z.\nG\u00fcvenlik, m\u00fc\u015fterileriniz i\u00e7in en b\u00fcy\u00fck \u00f6nceliktir. Bu nedenle TRIDENT yang\u0131n s\u00f6nd\u00fcr\u00fcc\u00fc, kullan\u0131m\u0131 kolay bir tasar\u0131ma sahiptir. \u00dcr\u00fcn, su bazl\u0131 ajan\u0131n ak\u0131\u015f\u0131n\u0131 ve y\u00f6n\u00fcn\u00fc kontrol etmeyi kolayla\u015ft\u0131ran kullan\u0131c\u0131 dostu bir a\u011f\u0131z ile donat\u0131lm\u0131\u015ft\u0131r. TRIDENT, piyasadaki di\u011fer t\u00fcm ajanlardan \u00e7ok daha h\u0131zl\u0131 oldu\u011fu i\u00e7in ve kullan\u0131ld\u0131\u011f\u0131 y\u00fczeylerde etkili bir so\u011futma etkisi sa\u011flad\u0131\u011f\u0131 i\u00e7in yang\u0131nlar\u0131 h\u0131zl\u0131ca s\u00f6nd\u00fcrebilirsiniz.<\/h2>\t\t<\/div>\n\t\t\t\t<\/div>\n\t\t\t\t\t<\/div>\n\t\t<\/div>\n\t\t\t\t\t<\/div>\n\t\t<\/section>\n\t\t\t\t<section class=\"elementor-section elementor-top-section elementor-element elementor-element-e3ca02c elementor-section-boxed elementor-section-height-default elementor-section-height-default\" data-id=\"e3ca02c\" data-element_type=\"section\" data-settings=\"{&quot;shape_divider_top&quot;:&quot;tilt&quot;}\">\n\t\t\t\t\t<div class=\"elementor-shape elementor-shape-top\" data-negative=\"false\">\n\t\t\t<svg xmlns=\"http:\/\/www.w3.org\/2000\/svg\" viewbox=\"0 0 1000 100\" preserveaspectratio=\"none\">\n\t<path class=\"elementor-shape-fill\" d=\"M0,6V0h1000v100L0,6z\"\/>\n<\/svg>\t\t<\/div>\n\t\t\t\t\t<div class=\"elementor-container elementor-column-gap-default\">\n\t\t\t\t\t<div class=\"elementor-column elementor-col-50 elementor-top-column elementor-element elementor-element-c148841 animated-slow elementor-invisible\" data-id=\"c148841\" data-element_type=\"column\" data-settings=\"{&quot;animation&quot;:&quot;fadeInUp&quot;}\">\n\t\t\t<div class=\"elementor-widget-wrap elementor-element-populated\">\n\t\t\t\t\t\t<div class=\"elementor-element elementor-element-7ff0533 elementor-widget elementor-widget-heading\" data-id=\"7ff0533\" data-element_type=\"widget\" data-widget_type=\"heading.default\">\n\t\t\t\t<div class=\"elementor-widget-container\">\n\t\t\t<h2 class=\"elementor-heading-title elementor-size-default\">\u00c7EVRE DOSTU<\/h2>\t\t<\/div>\n\t\t\t\t<\/div>\n\t\t\t\t<div class=\"elementor-element elementor-element-8b92fe5 elementor-widget elementor-widget-heading\" data-id=\"8b92fe5\" data-element_type=\"widget\" data-widget_type=\"heading.default\">\n\t\t\t\t<div class=\"elementor-widget-container\">\n\t\t\t<h2 class=\"elementor-heading-title elementor-size-default\">\u015eirketimiz, m\u00fc\u015fterilerimize y\u00fcksek kaliteli, \u00e7evre dostu yang\u0131ndan korunma \u00e7\u00f6z\u00fcmleri sunma misyonuna kendini adam\u0131\u015ft\u0131r. \u00dcr\u00fcn\u00fcm\u00fcz, 1272\/2008 say\u0131l\u0131 Tehlikeli Maddeler Y\u00f6netmeli\u011fi ve AB T\u00fcz\u00fc\u011f\u00fc taraf\u0131ndan tan\u0131mlanan tehlikeli bir madde olmad\u0131\u011f\u0131 i\u00e7in end\u00fcstrilerin, i\u015fletmelerin ve m\u00fclklerin etkili bir \u015fekilde korunmas\u0131 i\u00e7in ideal bir \u00e7\u00f6z\u00fcm sunmaktad\u0131r.<\/h2>\t\t<\/div>\n\t\t\t\t<\/div>\n\t\t\t\t\t<\/div>\n\t\t<\/div>\n\t\t\t\t<div class=\"elementor-column elementor-col-50 elementor-top-column elementor-element elementor-element-0de1a0c animated-slow elementor-invisible\" data-id=\"0de1a0c\" data-element_type=\"column\" data-settings=\"{&quot;animation&quot;:&quot;fadeInUp&quot;}\">\n\t\t\t<div class=\"elementor-widget-wrap elementor-element-populated\">\n\t\t\t\t\t\t<div class=\"elementor-element elementor-element-aaeb291 elementor-widget elementor-widget-image\" data-id=\"aaeb291\" data-element_type=\"widget\" data-widget_type=\"image.default\">\n\t\t\t\t<div class=\"elementor-widget-container\">\n\t\t\t\t\t\t\t\t\t\t\t\t\t<img decoding=\"async\" width=\"1100\" height=\"1259\" src=\"https:\/\/tridenttr.com\/wp-content\/uploads\/2023\/04\/safetyprimary-min.png\" class=\"elementor-animation-grow attachment-full size-full wp-image-1275 has-transparency\" alt=\"\" srcset=\"https:\/\/tridenttr.com\/wp-content\/uploads\/2023\/04\/safetyprimary-min.png 1100w, https:\/\/tridenttr.com\/wp-content\/uploads\/2023\/04\/safetyprimary-min-262x300.png 262w, https:\/\/tridenttr.com\/wp-content\/uploads\/2023\/04\/safetyprimary-min-900x1030.png 900w, https:\/\/tridenttr.com\/wp-content\/uploads\/2023\/04\/safetyprimary-min-768x879.png 768w, https:\/\/tridenttr.com\/wp-content\/uploads\/2023\/04\/safetyprimary-min-10x12.png 10w\" sizes=\"(max-width: 1100px) 100vw, 1100px\" data-has-transparency=\"true\" data-dominant-color=\"642218\" style=\"--dominant-color: #642218\" \/>\t\t\t\t\t\t\t\t\t\t\t\t\t<\/div>\n\t\t\t\t<\/div>\n\t\t\t\t\t<\/div>\n\t\t<\/div>\n\t\t\t\t\t<\/div>\n\t\t<\/section>\n\t\t\t\t<section class=\"elementor-section elementor-top-section elementor-element elementor-element-91cd42a elementor-section-boxed elementor-section-height-default elementor-section-height-default\" data-id=\"91cd42a\" data-element_type=\"section\">\n\t\t\t\t\t\t<div class=\"elementor-container elementor-column-gap-default\">\n\t\t\t\t\t<div class=\"elementor-column elementor-col-50 elementor-top-column elementor-element elementor-element-10402f0\" data-id=\"10402f0\" data-element_type=\"column\">\n\t\t\t<div class=\"elementor-widget-wrap\">\n\t\t\t\t\t\t\t<\/div>\n\t\t<\/div>\n\t\t\t\t<div class=\"elementor-column elementor-col-50 elementor-top-column elementor-element elementor-element-9ff0caf\" data-id=\"9ff0caf\" data-element_type=\"column\">\n\t\t\t<div class=\"elementor-widget-wrap\">\n\t\t\t\t\t\t\t<\/div>\n\t\t<\/div>\n\t\t\t\t\t<\/div>\n\t\t<\/section>\n\t\t\t\t<\/div>","protected":false},"excerpt":{"rendered":"<p>TRIDENT TR olarak, Alman patentli markam\u0131zla Almanya&#8217;da \u00fcretti\u011fimiz ekolojik, su bazl\u0131 ve gelece\u011fin devrim niteli\u011findeki yang\u0131n s\u00f6nd\u00fcrme \u00e7\u00f6z\u00fcmlerini sunmaktan gurur duyuyoruz. TRIDENT, lityum pil yang\u0131nlar\u0131 dahil olmak \u00fczere A, B, C, D ve F s\u0131n\u0131f\u0131 yang\u0131nlar\u0131 s\u00f6nd\u00fcrebilen g\u00fc\u00e7l\u00fc ve etkili bir \u00fcr\u00fcnd\u00fcr. TRIDENT, \u00e7evreye zarar vermeden eviniz veya i\u015f yerinizi koruyabilen, \u00e7evre dostu yang\u0131ndan korunma [&hellip;]<\/p>","protected":false},"author":1,"featured_media":0,"parent":0,"menu_order":0,"comment_status":"closed","ping_status":"closed","template":"elementor_header_footer","meta":{"footnotes":""},"yoast_head":"<!-- This site is optimized with the Yoast SEO Premium plugin v21.5 (Yoast SEO v23.0) - https:\/\/yoast.com\/wordpress\/plugins\/seo\/ -->\n<title>Trident Hakk\u0131nda - Trident TR<\/title>\n<meta name=\"description\" content=\"Trident Hakk\u0131nda - Trident TR\" \/>\n<meta name=\"robots\" content=\"index, follow, max-snippet:-1, max-image-preview:large, max-video-preview:-1\" \/>\n<link rel=\"canonical\" href=\"https:\/\/tridenttr.com\/de\/trident-hakkinda\/\" \/>\n<meta property=\"og:locale\" content=\"de_DE\" \/>\n<meta property=\"og:type\" content=\"article\" \/>\n<meta property=\"og:title\" content=\"Trident Hakk\u0131nda - Trident TR\" \/>\n<meta property=\"og:description\" content=\"Trident Hakk\u0131nda - Trident TR\" \/>\n<meta property=\"og:url\" content=\"https:\/\/tridenttr.com\/de\/trident-hakkinda\/\" \/>\n<meta property=\"og:site_name\" content=\"Trident TR\" \/>\n<meta property=\"article:modified_time\" content=\"2024-07-22T13:27:29+00:00\" \/>\n<meta property=\"og:image\" content=\"https:\/\/tridenttr.com\/wp-content\/uploads\/2023\/04\/proffesionalteam-min.png\" \/>\n<meta name=\"twitter:card\" content=\"summary_large_image\" \/>\n<meta name=\"twitter:label1\" content=\"Gesch\u00e4tzte Lesezeit\" \/>\n\t<meta name=\"twitter:data1\" content=\"3\u00a0Minuten\" \/>\n<script type=\"application\/ld+json\" class=\"yoast-schema-graph\">{\"@context\":\"https:\/\/schema.org\",\"@graph\":[{\"@type\":\"WebPage\",\"@id\":\"https:\/\/tridenttr.com\/trident-hakkinda\/\",\"url\":\"https:\/\/tridenttr.com\/trident-hakkinda\/\",\"name\":\"Trident Hakk\u0131nda - Trident TR\",\"isPartOf\":{\"@id\":\"https:\/\/tridenttr.com\/tr\/#website\"},\"primaryImageOfPage\":{\"@id\":\"https:\/\/tridenttr.com\/trident-hakkinda\/#primaryimage\"},\"image\":{\"@id\":\"https:\/\/tridenttr.com\/trident-hakkinda\/#primaryimage\"},\"thumbnailUrl\":\"https:\/\/tridenttr.com\/wp-content\/uploads\/2023\/04\/proffesionalteam-min.png\",\"datePublished\":\"2023-03-27T21:16:03+00:00\",\"dateModified\":\"2024-07-22T13:27:29+00:00\",\"description\":\"Trident Hakk\u0131nda - Trident TR\",\"breadcrumb\":{\"@id\":\"https:\/\/tridenttr.com\/trident-hakkinda\/#breadcrumb\"},\"inLanguage\":\"de\",\"potentialAction\":[{\"@type\":\"ReadAction\",\"target\":[\"https:\/\/tridenttr.com\/trident-hakkinda\/\"]}]},{\"@type\":\"ImageObject\",\"inLanguage\":\"de\",\"@id\":\"https:\/\/tridenttr.com\/trident-hakkinda\/#primaryimage\",\"url\":\"https:\/\/tridenttr.com\/wp-content\/uploads\/2023\/04\/proffesionalteam-min.png\",\"contentUrl\":\"https:\/\/tridenttr.com\/wp-content\/uploads\/2023\/04\/proffesionalteam-min.png\"},{\"@type\":\"BreadcrumbList\",\"@id\":\"https:\/\/tridenttr.com\/trident-hakkinda\/#breadcrumb\",\"itemListElement\":[{\"@type\":\"ListItem\",\"position\":1,\"name\":\"Home\",\"item\":\"https:\/\/tridenttr.com\/\"},{\"@type\":\"ListItem\",\"position\":2,\"name\":\"Trident Hakk\u0131nda\"}]},{\"@type\":\"WebSite\",\"@id\":\"https:\/\/tridenttr.com\/tr\/#website\",\"url\":\"https:\/\/tridenttr.com\/tr\/\",\"name\":\"Trident TR\",\"description\":\"FIRE PROTECTION AGENCY\",\"publisher\":{\"@id\":\"https:\/\/tridenttr.com\/tr\/#organization\"},\"potentialAction\":[{\"@type\":\"SearchAction\",\"target\":{\"@type\":\"EntryPoint\",\"urlTemplate\":\"https:\/\/tridenttr.com\/tr\/?s={search_term_string}\"},\"query-input\":\"required name=search_term_string\"}],\"inLanguage\":\"de\"},{\"@type\":\"Organization\",\"@id\":\"https:\/\/tridenttr.com\/tr\/#organization\",\"name\":\"Trident CSL\",\"url\":\"https:\/\/tridenttr.com\/tr\/\",\"logo\":{\"@type\":\"ImageObject\",\"inLanguage\":\"de\",\"@id\":\"https:\/\/tridenttr.com\/tr\/#\/schema\/logo\/image\/\",\"url\":\"https:\/\/tridenttr.com\/wp-content\/uploads\/2023\/12\/tridenttr-logo.png\",\"contentUrl\":\"https:\/\/tridenttr.com\/wp-content\/uploads\/2023\/12\/tridenttr-logo.png\",\"width\":300,\"height\":100,\"caption\":\"Trident CSL\"},\"image\":{\"@id\":\"https:\/\/tridenttr.com\/tr\/#\/schema\/logo\/image\/\"}}]}<\/script>\n<!-- \/ Yoast SEO Premium plugin. -->","yoast_head_json":{"title":"Trident Hakk\u0131nda - Trident TR","description":"Trident Hakk\u0131nda - Trident TR","robots":{"index":"index","follow":"follow","max-snippet":"max-snippet:-1","max-image-preview":"max-image-preview:large","max-video-preview":"max-video-preview:-1"},"canonical":"https:\/\/tridenttr.com\/de\/trident-hakkinda\/","og_locale":"de_DE","og_type":"article","og_title":"Trident Hakk\u0131nda - Trident TR","og_description":"Trident Hakk\u0131nda - Trident TR","og_url":"https:\/\/tridenttr.com\/de\/trident-hakkinda\/","og_site_name":"Trident TR","article_modified_time":"2024-07-22T13:27:29+00:00","og_image":[{"url":"https:\/\/tridenttr.com\/wp-content\/uploads\/2023\/04\/proffesionalteam-min.png"}],"twitter_card":"summary_large_image","twitter_misc":{"Gesch\u00e4tzte Lesezeit":"3\u00a0Minuten"},"schema":{"@context":"https:\/\/schema.org","@graph":[{"@type":"WebPage","@id":"https:\/\/tridenttr.com\/trident-hakkinda\/","url":"https:\/\/tridenttr.com\/trident-hakkinda\/","name":"Trident Hakk\u0131nda - Trident TR","isPartOf":{"@id":"https:\/\/tridenttr.com\/tr\/#website"},"primaryImageOfPage":{"@id":"https:\/\/tridenttr.com\/trident-hakkinda\/#primaryimage"},"image":{"@id":"https:\/\/tridenttr.com\/trident-hakkinda\/#primaryimage"},"thumbnailUrl":"https:\/\/tridenttr.com\/wp-content\/uploads\/2023\/04\/proffesionalteam-min.png","datePublished":"2023-03-27T21:16:03+00:00","dateModified":"2024-07-22T13:27:29+00:00","description":"Trident Hakk\u0131nda - Trident TR","breadcrumb":{"@id":"https:\/\/tridenttr.com\/trident-hakkinda\/#breadcrumb"},"inLanguage":"de","potentialAction":[{"@type":"ReadAction","target":["https:\/\/tridenttr.com\/trident-hakkinda\/"]}]},{"@type":"ImageObject","inLanguage":"de","@id":"https:\/\/tridenttr.com\/trident-hakkinda\/#primaryimage","url":"https:\/\/tridenttr.com\/wp-content\/uploads\/2023\/04\/proffesionalteam-min.png","contentUrl":"https:\/\/tridenttr.com\/wp-content\/uploads\/2023\/04\/proffesionalteam-min.png"},{"@type":"BreadcrumbList","@id":"https:\/\/tridenttr.com\/trident-hakkinda\/#breadcrumb","itemListElement":[{"@type":"ListItem","position":1,"name":"Home","item":"https:\/\/tridenttr.com\/"},{"@type":"ListItem","position":2,"name":"Trident Hakk\u0131nda"}]},{"@type":"WebSite","@id":"https:\/\/tridenttr.com\/tr\/#website","url":"https:\/\/tridenttr.com\/tr\/","name":"Trident TR","description":"FIRE PROTECTION AGENCY","publisher":{"@id":"https:\/\/tridenttr.com\/tr\/#organization"},"potentialAction":[{"@type":"SearchAction","target":{"@type":"EntryPoint","urlTemplate":"https:\/\/tridenttr.com\/tr\/?s={search_term_string}"},"query-input":"required name=search_term_string"}],"inLanguage":"de"},{"@type":"Organization","@id":"https:\/\/tridenttr.com\/tr\/#organization","name":"Trident CSL","url":"https:\/\/tridenttr.com\/tr\/","logo":{"@type":"ImageObject","inLanguage":"de","@id":"https:\/\/tridenttr.com\/tr\/#\/schema\/logo\/image\/","url":"https:\/\/tridenttr.com\/wp-content\/uploads\/2023\/12\/tridenttr-logo.png","contentUrl":"https:\/\/tridenttr.com\/wp-content\/uploads\/2023\/12\/tridenttr-logo.png","width":300,"height":100,"caption":"Trident CSL"},"image":{"@id":"https:\/\/tridenttr.com\/tr\/#\/schema\/logo\/image\/"}}]}},"_links":{"self":[{"href":"https:\/\/tridenttr.com\/de\/wp-json\/wp\/v2\/pages\/1009"}],"collection":[{"href":"https:\/\/tridenttr.com\/de\/wp-json\/wp\/v2\/pages"}],"about":[{"href":"https:\/\/tridenttr.com\/de\/wp-json\/wp\/v2\/types\/page"}],"author":[{"embeddable":true,"href":"https:\/\/tridenttr.com\/de\/wp-json\/wp\/v2\/users\/1"}],"replies":[{"embeddable":true,"href":"https:\/\/tridenttr.com\/de\/wp-json\/wp\/v2\/comments?post=1009"}],"version-history":[{"count":38,"href":"https:\/\/tridenttr.com\/de\/wp-json\/wp\/v2\/pages\/1009\/revisions"}],"predecessor-version":[{"id":1660,"href":"https:\/\/tridenttr.com\/de\/wp-json\/wp\/v2\/pages\/1009\/revisions\/1660"}],"wp:attachment":[{"href":"https:\/\/tridenttr.com\/de\/wp-json\/wp\/v2\/media?parent=1009"}],"curies":[{"name":"wp","href":"https:\/\/api.w.org\/{rel}","templated":true}]}}